{"id":15,"date":"2023-06-29T17:52:52","date_gmt":"2023-06-29T17:52:52","guid":{"rendered":"https:\/\/tradeacademy.center\/emprendimientos\/?page_id=15"},"modified":"2024-07-08T16:34:14","modified_gmt":"2024-07-08T19:34:14","slug":"home","status":"publish","type":"page","link":"https:\/\/tradeacademy.center\/emprendimientos\/","title":{"rendered":"Home"},"content":{"rendered":"\t\t<div data-elementor-type=\"wp-post\" data-elementor-id=\"15\" class=\"elementor elementor-15\" data-elementor-post-type=\"page\">\n\t\t\t\t\t\t<section data-particle_enable=\"false\" data-particle-mobile-disabled=\"false\" class=\"elementor-section elementor-top-section elementor-element elementor-element-5d88654 elementor-section-height-min-height elementor-section-items-bottom elementor-section-content-bottom elementor-section-boxed elementor-section-height-default\" data-id=\"5d88654\" data-element_type=\"section\" data-settings=\"{&quot;background_background&quot;:&quot;video&quot;,&quot;background_video_link&quot;:&quot;https:\\\/\\\/tradeacademy.center\\\/emprendimientos\\\/wp-content\\\/uploads\\\/2023\\\/09\\\/video-2160p.mp4&quot;,&quot;background_play_on_mobile&quot;:&quot;yes&quot;}\">\n\t\t\t\t\t\t\t\t<div class=\"elementor-background-video-container\">\n\t\t\t\t\t\t\t\t\t\t\t\t\t<video class=\"elementor-background-video-hosted elementor-html5-video\" autoplay muted playsinline loop><\/video>\n\t\t\t\t\t\t\t\t\t\t\t<\/div>\n\t\t\t\t\t\t\t\t\t<div class=\"elementor-background-overlay\"><\/div>\n\t\t\t\t\t\t\t<div class=\"elementor-container elementor-column-gap-default\">\n\t\t\t\t\t<div class=\"elementor-column elementor-col-100 elementor-top-column elementor-element elementor-element-a1cdb32\" data-id=\"a1cdb32\" data-element_type=\"column\">\n\t\t\t<div class=\"elementor-widget-wrap elementor-element-populated\">\n\t\t\t\t\t\t<div class=\"elementor-element elementor-element-3c89c7d elementor-widget elementor-widget-text-editor\" data-id=\"3c89c7d\" data-element_type=\"widget\" data-widget_type=\"text-editor.default\">\n\t\t\t\t<div class=\"elementor-widget-container\">\n\t\t\t\t\t\t\t<p><b>\u00a1Impulsa tu negocio! Cursos para Emprendedores<\/b><\/p>\t\t\t\t\t\t<\/div>\n\t\t\t\t<\/div>\n\t\t\t\t<div class=\"elementor-element elementor-element-89415fd elementor-widget__width-initial elementor-widget elementor-widget-text-editor\" data-id=\"89415fd\" data-element_type=\"widget\" data-widget_type=\"text-editor.default\">\n\t\t\t\t<div class=\"elementor-widget-container\">\n\t\t\t\t\t\t\t<p><strong><span style=\"font-family: Montserrat, sans-serif; font-size: 15px;\">Empieza hoy mismo a transformar tus ideas en realidad. Aprende a tu ritmo, con el apoyo de expertos y recursos pr\u00e1cticos que te guiar\u00e1n a cada paso. \u00danete a nuestra comunidad de autoempleados, comerciantes y emprendedores, y descubre la mejor forma de crear valor desde tu singularidad.\u00a0<\/span><\/strong><\/p>\t\t\t\t\t\t<\/div>\n\t\t\t\t<\/div>\n\t\t\t\t\t<\/div>\n\t\t<\/div>\n\t\t\t\t\t<\/div>\n\t\t<\/section>\n\t\t\t\t<section data-particle_enable=\"false\" data-particle-mobile-disabled=\"false\" class=\"elementor-section elementor-top-section elementor-element elementor-element-8d9c6dc elementor-section-boxed elementor-section-height-default elementor-section-height-default\" data-id=\"8d9c6dc\" data-element_type=\"section\">\n\t\t\t\t\t\t<div class=\"elementor-container elementor-column-gap-default\">\n\t\t\t\t\t<div class=\"elementor-column elementor-col-100 elementor-top-column elementor-element elementor-element-b037014\" data-id=\"b037014\" data-element_type=\"column\">\n\t\t\t<div class=\"elementor-widget-wrap elementor-element-populated\">\n\t\t\t\t\t\t<div class=\"elementor-element elementor-element-deb50d5 elementor-grid-3 elementor-grid-tablet-2 elementor-grid-mobile-1 elementor-widget elementor-widget-eael-learn-dash-course-list\" data-id=\"deb50d5\" data-element_type=\"widget\" data-settings=\"{&quot;column&quot;:&quot;3&quot;,&quot;column_tablet&quot;:&quot;2&quot;,&quot;column_mobile&quot;:&quot;1&quot;}\" data-widget_type=\"eael-learn-dash-course-list.default\">\n\t\t\t\t<div class=\"elementor-widget-container\">\n\t\t\t<div class=\"eael-learndash-no-course-found eael-d-none eael-align-center\">No Courses Found!<\/div><div class=\"eael-learndash-wrapper eael-learndash-col-3 layout__3 ld-cl-layout-mode-fit-to-screen\" data-layout-mode=\"fit-to-screen\">\n<div class=\"eael-learn-dash-course eael-course-layout-3 card-style      \">\n    <div class=\"eael-learn-dash-course-inner\">\n                    <div class=\"eael_ld_course_list_ribbon price_currency\">\n                30            <\/div>\n        \n<!--        -->        <a class=\"card-thumb\" href=\"https:\/\/tradeacademy.center\/emprendimientos\/courses\/curso-2\/\">\n                            <img decoding=\"async\" src=\"https:\/\/tradeacademy.center\/emprendimientos\/wp-content\/uploads\/2023\/07\/happy-mature-business-man-lawyer-and-client-making-2023-11-27-05-10-09-utc-1024x727.jpg\" alt=\"\" \/>\n                    <\/a>\n<!--        -->\n                    <div class=\"card-price\">\n\t            30            <\/div>\n                <div class=\"card-body\">\n\n            <h4 class=\"course-card-title\">\n            <a href=\"https:\/\/tradeacademy.center\/emprendimientos\/courses\/curso-2\/\">Con\u00f3cete a ti mismo y Creaci\u00f3n de Valor<\/a>\n            <\/h4>\n\n            \n            \n            \n            \n                            <div class=\"layout-button-wrap\">\n                    <a href=\"https:\/\/tradeacademy.center\/emprendimientos\/courses\/curso-2\/\" class=\"eael-course-button\">\n\t                    Leer m\u00e1s                    <\/a>\n                <\/div>\n                    <\/div>\n    <\/div>\n<\/div>\n\n<div class=\"eael-learn-dash-course eael-course-layout-3 card-style      \">\n    <div class=\"eael-learn-dash-course-inner\">\n                    <div class=\"eael_ld_course_list_ribbon price_currency\">\n                40            <\/div>\n        \n<!--        -->        <a class=\"card-thumb\" href=\"https:\/\/tradeacademy.center\/emprendimientos\/courses\/autoempleo\/\">\n                            <img decoding=\"async\" src=\"https:\/\/tradeacademy.center\/emprendimientos\/wp-content\/uploads\/2024\/06\/dentist-and-client-looking-the-teeth-of-the-client-2023-11-27-05-00-31-utc-1024x683.jpg\" alt=\"\" \/>\n                    <\/a>\n<!--        -->\n                    <div class=\"card-price\">\n\t            40            <\/div>\n                <div class=\"card-body\">\n\n            <h4 class=\"course-card-title\">\n            <a href=\"https:\/\/tradeacademy.center\/emprendimientos\/courses\/autoempleo\/\">Autoempleo: habilidades t\u00e9cnicas y construcci\u00f3n de reputaci\u00f3n<\/a>\n            <\/h4>\n\n            \n            \n            \n            \n                            <div class=\"layout-button-wrap\">\n                    <a href=\"https:\/\/tradeacademy.center\/emprendimientos\/courses\/autoempleo\/\" class=\"eael-course-button\">\n\t                    Leer m\u00e1s                    <\/a>\n                <\/div>\n                    <\/div>\n    <\/div>\n<\/div>\n\n<div class=\"eael-learn-dash-course eael-course-layout-3 card-style      \">\n    <div class=\"eael-learn-dash-course-inner\">\n                    <div class=\"eael_ld_course_list_ribbon price_currency\">\n                40            <\/div>\n        \n<!--        -->        <a class=\"card-thumb\" href=\"https:\/\/tradeacademy.center\/emprendimientos\/courses\/comerciante-desde-el-inicio-hasta-la-globalizacion\/\">\n                            <img decoding=\"async\" src=\"https:\/\/tradeacademy.center\/emprendimientos\/wp-content\/uploads\/2024\/06\/happy-small-business-owner-at-a-plant-shop-2023-11-27-05-23-31-utc-1024x683.jpg\" alt=\"\" \/>\n                    <\/a>\n<!--        -->\n                    <div class=\"card-price\">\n\t            40            <\/div>\n                <div class=\"card-body\">\n\n            <h4 class=\"course-card-title\">\n            <a href=\"https:\/\/tradeacademy.center\/emprendimientos\/courses\/comerciante-desde-el-inicio-hasta-la-globalizacion\/\">Comerciante: desde el Inicio hasta la Globalizaci\u00f3n<\/a>\n            <\/h4>\n\n            \n            \n            \n            \n                            <div class=\"layout-button-wrap\">\n                    <a href=\"https:\/\/tradeacademy.center\/emprendimientos\/courses\/comerciante-desde-el-inicio-hasta-la-globalizacion\/\" class=\"eael-course-button\">\n\t                    Leer m\u00e1s                    <\/a>\n                <\/div>\n                    <\/div>\n    <\/div>\n<\/div>\n\n<div class=\"eael-learn-dash-course eael-course-layout-3 card-style      \">\n    <div class=\"eael-learn-dash-course-inner\">\n                    <div class=\"eael_ld_course_list_ribbon price_currency\">\n                40            <\/div>\n        \n<!--        -->        <a class=\"card-thumb\" href=\"https:\/\/tradeacademy.center\/emprendimientos\/courses\/emprendedor-convierte-tus-ideas-en-negocios-sostenibles\/\">\n                            <img decoding=\"async\" src=\"https:\/\/tradeacademy.center\/emprendimientos\/wp-content\/uploads\/2024\/06\/portrait-of-happy-young-businesswoman-with-noteboo-2023-11-27-05-35-30-utc-1024x683.jpg\" alt=\"\" \/>\n                    <\/a>\n<!--        -->\n                    <div class=\"card-price\">\n\t            40            <\/div>\n                <div class=\"card-body\">\n\n            <h4 class=\"course-card-title\">\n            <a href=\"https:\/\/tradeacademy.center\/emprendimientos\/courses\/emprendedor-convierte-tus-ideas-en-negocios-sostenibles\/\">Emprendedor: convierte tus Ideas en Negocios Sostenibles<\/a>\n            <\/h4>\n\n            \n            \n            \n            \n                            <div class=\"layout-button-wrap\">\n                    <a href=\"https:\/\/tradeacademy.center\/emprendimientos\/courses\/emprendedor-convierte-tus-ideas-en-negocios-sostenibles\/\" class=\"eael-course-button\">\n\t                    Leer m\u00e1s                    <\/a>\n                <\/div>\n                    <\/div>\n    <\/div>\n<\/div>\n\n<div class=\"eael-learn-dash-course eael-course-layout-3 card-style      \">\n    <div class=\"eael-learn-dash-course-inner\">\n                    <div class=\"eael_ld_course_list_ribbon price_currency\">\n                25            <\/div>\n        \n<!--        -->        <a class=\"card-thumb\" href=\"https:\/\/tradeacademy.center\/emprendimientos\/courses\/vida-profesional-mas-alla-del-empleo-guia-practica-para-autoempleados-comerciantes-y-emprendedores\/\">\n                            <img decoding=\"async\" src=\"https:\/\/tradeacademy.center\/emprendimientos\/wp-content\/uploads\/2024\/07\/black-man-portrait-smile-and-arms-crossed-in-lead-2023-11-27-05-15-38-utc-1024x676.jpg\" alt=\"\" \/>\n                    <\/a>\n<!--        -->\n                    <div class=\"card-price\">\n\t            25            <\/div>\n                <div class=\"card-body\">\n\n            <h4 class=\"course-card-title\">\n            <a href=\"https:\/\/tradeacademy.center\/emprendimientos\/courses\/vida-profesional-mas-alla-del-empleo-guia-practica-para-autoempleados-comerciantes-y-emprendedores\/\">\"Vida Profesional M\u00e1s All\u00e1 del Empleo: Gu\u00eda Pr\u00e1ctica para Autoempleados, Comerciantes y Emprendedores\"<\/a>\n            <\/h4>\n\n            \n            \n            \n            \n                            <div class=\"layout-button-wrap\">\n                    <a href=\"https:\/\/tradeacademy.center\/emprendimientos\/courses\/vida-profesional-mas-alla-del-empleo-guia-practica-para-autoempleados-comerciantes-y-emprendedores\/\" class=\"eael-course-button\">\n\t                    Leer m\u00e1s                    <\/a>\n                <\/div>\n                    <\/div>\n    <\/div>\n<\/div>\n\n<div class=\"eael-learn-dash-course eael-course-layout-3 card-style      \">\n    <div class=\"eael-learn-dash-course-inner\">\n        \n<!--        -->        <a class=\"card-thumb\" href=\"https:\/\/tradeacademy.center\/emprendimientos\/courses\/emprender-mas-alla-de-los-40\/\">\n                            <img decoding=\"async\" src=\"https:\/\/tradeacademy.center\/emprendimientos\/wp-content\/uploads\/2025\/04\/ChatGPT-Image-23-abr-2025-01_59_59-p.m-1024x683.png\" alt=\"\" \/>\n                    <\/a>\n<!--        -->\n                    <div class=\"card-price\">\n\t                        <\/div>\n                <div class=\"card-body\">\n\n            <h4 class=\"course-card-title\">\n            <a href=\"https:\/\/tradeacademy.center\/emprendimientos\/courses\/emprender-mas-alla-de-los-40\/\">Emprender m\u00e1s all\u00e1 de los 40<\/a>\n            <\/h4>\n\n            \n            \n            \n            \n                            <div class=\"layout-button-wrap\">\n                    <a href=\"https:\/\/tradeacademy.center\/emprendimientos\/courses\/emprender-mas-alla-de-los-40\/\" class=\"eael-course-button\">\n\t                    Leer m\u00e1s                    <\/a>\n                <\/div>\n                    <\/div>\n    <\/div>\n<\/div>\n                <script type=\"text\/javascript\">\n                    jQuery(document).ready(function($) {\n                        $(\".eael-learndash-wrapper\").each(function() {\n                            var $node_id = \"deb50d5\",\n                                $scope = $(\".elementor-element-\" + $node_id + \"\"),\n                                $this = $(this),\n                                $layout = $this.data('layout-mode');\n\n                            let firstClick = 0;\n                            $scope.on(\"click\", \".control\", function (e) {\n                                e.preventDefault();\n                                if( ! firstClick ){\n                                    firstClick = 1;\n                                    $(this).trigger('click');\n                                }\n\n                                let $this = $(this),\n                                    filterValue = $this.data(\"filter\");\n\n                                $this.siblings().removeClass(\"active\");\n                                $this.addClass(\"active\");\n\n                                let $eaelLearnDashIsotopeContainer = $(\".eael-learndash-wrapper\", $scope);\n                                $eaelLearnDashIsotopeContainer.isotope({ \n                                    filter: filterValue,\n                                    layoutMode: $layout === 'masonry' ? 'masonry' : 'fitRows',\n                                });\n\n                                if($layout === 'fit-to-screen'){\n                                    if( ! ( $eaelLearnDashIsotopeContainer.hasClass( 'eael-ld-fit-to-screen-wrap' ) ) ){\n                                        $eaelLearnDashIsotopeContainer.addClass( \"eael-ld-fit-to-screen-wrap\" );\n                                    }\n\n                                    if(filterValue !== '*'){\n                                        $(\".eael-learndash-wrapper .eael-learn-dash-course\", $scope).removeClass(\"eael-ld-fit-to-screen-item\");\n                                        $(\".eael-learndash-wrapper .eael-learn-dash-course\" + filterValue, $scope).addClass(\"eael-ld-fit-to-screen-item\");\n                                    } else {\n                                        $(\".eael-learndash-wrapper .eael-learn-dash-course\", $scope).removeClass(\"eael-ld-fit-to-screen-item\").addClass(\"eael-ld-fit-to-screen-item\");\n                                    }\n                                }\n\n                                $eaelLearnDashIsotopeContainer.on( 'layoutComplete', function( event, filteredItems ) {\n                                    let notFoundDivClass = filteredItems.length ? 'eael-d-none' : 'eael-d-block';\n                                    $('.eael-learndash-no-course-found', $scope).removeClass('eael-d-none').removeClass('eael-d-block').addClass(notFoundDivClass);\n                                });\n\n                                if( filterValue === '*' ){\n                                    $('.eael-learndash-no-course-found', $scope).removeClass('eael-d-none').removeClass('eael-d-block').addClass('eael-d-none');\n                                }\n                            });\n                        });\n                    });\n                <\/script>  \n            <\/div>\t\t<\/div>\n\t\t\t\t<\/div>\n\t\t\t\t\t<\/div>\n\t\t<\/div>\n\t\t\t\t\t<\/div>\n\t\t<\/section>\n\t\t\t\t<section data-particle_enable=\"false\" data-particle-mobile-disabled=\"false\" class=\"elementor-section elementor-top-section elementor-element elementor-element-748c489 elementor-section-boxed elementor-section-height-default elementor-section-height-default\" data-id=\"748c489\" data-element_type=\"section\">\n\t\t\t\t\t\t<div class=\"elementor-container elementor-column-gap-default\">\n\t\t\t\t\t<div class=\"elementor-column elementor-col-100 elementor-top-column elementor-element elementor-element-0b099be\" data-id=\"0b099be\" data-element_type=\"column\">\n\t\t\t<div class=\"elementor-widget-wrap\">\n\t\t\t\t\t\t\t<\/div>\n\t\t<\/div>\n\t\t\t\t\t<\/div>\n\t\t<\/section>\n\t\t\t\t<\/div>\n\t\t","protected":false},"excerpt":{"rendered":"<p>\u00a1Impulsa tu negocio! Cursos para Emprendedores Empieza hoy mismo a transformar tus ideas en realidad. Aprende a tu ritmo, con el apoyo de expertos y recursos pr\u00e1cticos que te guiar\u00e1n a cada paso. \u00danete a nuestra comunidad de autoempleados, comerciantes y emprendedores, y descubre la mejor forma de crear valor desde tu singularidad.\u00a0 No Courses [&hellip;]<\/p>\n","protected":false},"author":2,"featured_media":0,"parent":0,"menu_order":0,"comment_status":"closed","ping_status":"closed","template":"","meta":{"inline_featured_image":false,"site-sidebar-layout":"no-sidebar","site-content-layout":"page-builder","ast-site-content-layout":"default","site-content-style":"default","site-sidebar-style":"default","ast-global-header-display":"","ast-banner-title-visibility":"","ast-main-header-display":"","ast-hfb-above-header-display":"","ast-hfb-below-header-display":"","ast-hfb-mobile-header-display":"","site-post-title":"disabled","ast-breadcrumbs-content":"","ast-featured-img":"disabled","footer-sml-layout":"","ast-disable-related-posts":"","theme-transparent-header-meta":"","adv-header-id-meta":"","stick-header-meta":"","header-above-stick-meta":"","header-main-stick-meta":"","header-below-stick-meta":"","astra-migrate-meta-layouts":"default","ast-page-background-enabled":"default","ast-page-background-meta":{"desktop":{"background-color":"var(--ast-global-color-4)","background-image":"","background-repeat":"repeat","background-position":"center center","background-size":"auto","background-attachment":"scroll","background-type":"","background-media":"","overlay-type":"","overlay-color":"","overlay-opacity":"","overlay-gradient":""},"tablet":{"background-color":"","background-image":"","background-repeat":"repeat","background-position":"center center","background-size":"auto","background-attachment":"scroll","background-type":"","background-media":"","overlay-type":"","overlay-color":"","overlay-opacity":"","overlay-gradient":""},"mobile":{"background-color":"","background-image":"","background-repeat":"repeat","background-position":"center center","background-size":"auto","background-attachment":"scroll","background-type":"","background-media":"","overlay-type":"","overlay-color":"","overlay-opacity":"","overlay-gradient":""}},"ast-content-background-meta":{"desktop":{"background-color":"var(--ast-global-color-5)","background-image":"","background-repeat":"repeat","background-position":"center center","background-size":"auto","background-attachment":"scroll","background-type":"","background-media":"","overlay-type":"","overlay-color":"","overlay-opacity":"","overlay-gradient":""},"tablet":{"background-color":"var(--ast-global-color-5)","background-image":"","background-repeat":"repeat","background-position":"center center","background-size":"auto","background-attachment":"scroll","background-type":"","background-media":"","overlay-type":"","overlay-color":"","overlay-opacity":"","overlay-gradient":""},"mobile":{"background-color":"var(--ast-global-color-5)","background-image":"","background-repeat":"repeat","background-position":"center center","background-size":"auto","background-attachment":"scroll","background-type":"","background-media":"","overlay-type":"","overlay-color":"","overlay-opacity":"","overlay-gradient":""}},"footnotes":""},"class_list":["post-15","page","type-page","status-publish","hentry"],"jetpack_sharing_enabled":true,"_links":{"self":[{"href":"https:\/\/tradeacademy.center\/emprendimientos\/wp-json\/wp\/v2\/pages\/15","targetHints":{"allow":["GET"]}}],"collection":[{"href":"https:\/\/tradeacademy.center\/emprendimientos\/wp-json\/wp\/v2\/pages"}],"about":[{"href":"https:\/\/tradeacademy.center\/emprendimientos\/wp-json\/wp\/v2\/types\/page"}],"author":[{"embeddable":true,"href":"https:\/\/tradeacademy.center\/emprendimientos\/wp-json\/wp\/v2\/users\/2"}],"replies":[{"embeddable":true,"href":"https:\/\/tradeacademy.center\/emprendimientos\/wp-json\/wp\/v2\/comments?post=15"}],"version-history":[{"count":119,"href":"https:\/\/tradeacademy.center\/emprendimientos\/wp-json\/wp\/v2\/pages\/15\/revisions"}],"predecessor-version":[{"id":2710,"href":"https:\/\/tradeacademy.center\/emprendimientos\/wp-json\/wp\/v2\/pages\/15\/revisions\/2710"}],"wp:attachment":[{"href":"https:\/\/tradeacademy.center\/emprendimientos\/wp-json\/wp\/v2\/media?parent=15"}],"curies":[{"name":"wp","href":"https:\/\/api.w.org\/{rel}","templated":true}]}}