{"id":1668,"date":"2022-04-20T15:22:26","date_gmt":"2022-04-20T15:22:26","guid":{"rendered":"https:\/\/tradeacademy.center\/es\/?post_type=product&#038;p=1668"},"modified":"2024-07-08T22:10:51","modified_gmt":"2024-07-08T22:10:51","slug":"corporate-sales-management-client-structure-module-ii","status":"publish","type":"product","link":"https:\/\/tradeacademy.center\/es\/producto\/corporate-sales-management-client-structure-module-ii\/","title":{"rendered":"Administraci\u00f3n de Ventas Corporativas (M\u00f3dulo II &#8211; Organizaci\u00f3n del Cliente)"},"content":{"rendered":"<p>Our Executive Series Program on Corporate Sales Management has the mentorship of 6 leading Executives with significant experience in each of the six modules of the program.<\/p>\n<p>The Second Module of the program focuses in understanding in depth the clients structure in order to mirror the sales team to address flexible needs from key stakeholders in the target company.<\/p>\n","protected":false},"excerpt":{"rendered":"<p>Our Executive Series Program on Management of Client Relationships in Inflationary Environments has the mentorship of 3 top Executives with significant experience in countries and regions where inflation has long been a significant monetary and economic problem.<\/p>\n","protected":false},"featured_media":3680,"template":"","meta":{"inline_featured_image":false},"product_brand":[],"product_cat":[21],"product_tag":[],"class_list":{"0":"post-1668","1":"product","2":"type-product","3":"status-publish","4":"has-post-thumbnail","6":"product_cat-executive-education","8":"first","9":"instock","10":"sale","11":"shipping-taxable","12":"purchasable","13":"product-type-simple"},"_links":{"self":[{"href":"https:\/\/tradeacademy.center\/es\/wp-json\/wp\/v2\/product\/1668","targetHints":{"allow":["GET"]}}],"collection":[{"href":"https:\/\/tradeacademy.center\/es\/wp-json\/wp\/v2\/product"}],"about":[{"href":"https:\/\/tradeacademy.center\/es\/wp-json\/wp\/v2\/types\/product"}],"wp:featuredmedia":[{"embeddable":true,"href":"https:\/\/tradeacademy.center\/es\/wp-json\/wp\/v2\/media\/3680"}],"wp:attachment":[{"href":"https:\/\/tradeacademy.center\/es\/wp-json\/wp\/v2\/media?parent=1668"}],"wp:term":[{"taxonomy":"product_brand","embeddable":true,"href":"https:\/\/tradeacademy.center\/es\/wp-json\/wp\/v2\/product_brand?post=1668"},{"taxonomy":"product_cat","embeddable":true,"href":"https:\/\/tradeacademy.center\/es\/wp-json\/wp\/v2\/product_cat?post=1668"},{"taxonomy":"product_tag","embeddable":true,"href":"https:\/\/tradeacademy.center\/es\/wp-json\/wp\/v2\/product_tag?post=1668"}],"curies":[{"name":"wp","href":"https:\/\/api.w.org\/{rel}","templated":true}]}}