{"id":1685,"date":"2022-06-22T19:29:30","date_gmt":"2022-06-22T19:29:30","guid":{"rendered":"https:\/\/tradeacademy.center\/es\/?post_type=product&#038;p=1685"},"modified":"2024-07-08T22:08:10","modified_gmt":"2024-07-08T22:08:10","slug":"masterclass-program-on-sales-and-customer-care-for-professional-waiters-20-students-max-spanish-edition","status":"publish","type":"product","link":"https:\/\/tradeacademy.center\/es\/producto\/masterclass-program-on-sales-and-customer-care-for-professional-waiters-20-students-max-spanish-edition\/","title":{"rendered":"Programa de Atenci\u00f3n al P\u00fablico y Crecimiento de Ventas (M\u00f3dulo II)"},"content":{"rendered":"","protected":false},"excerpt":{"rendered":"<p>In its Spanish Edition, our Masterclass Program on Professional Waiters is taught by Anastasia Suarez, professional maitre and author of \u00abThe Professional Waiter\u00bb \/ \u00abThe Profesi\u00f3n Camarero\u00bb, published by Trade Academy Publishing.<\/p>\n<p>The program is comprised of two parts, totaling 10 individual classes for up to 20 students.<\/p>\n<p>&nbsp;<\/p>\n<p>&nbsp;<\/p>\n","protected":false},"featured_media":3677,"template":"","meta":{"inline_featured_image":false},"product_brand":[],"product_cat":[21],"product_tag":[33],"class_list":{"0":"post-1685","1":"product","2":"type-product","3":"status-publish","4":"has-post-thumbnail","6":"product_cat-executive-education","7":"product_tag-open-series","9":"first","10":"instock","11":"sale","12":"virtual","13":"purchasable","14":"product-type-simple"},"_links":{"self":[{"href":"https:\/\/tradeacademy.center\/es\/wp-json\/wp\/v2\/product\/1685","targetHints":{"allow":["GET"]}}],"collection":[{"href":"https:\/\/tradeacademy.center\/es\/wp-json\/wp\/v2\/product"}],"about":[{"href":"https:\/\/tradeacademy.center\/es\/wp-json\/wp\/v2\/types\/product"}],"wp:featuredmedia":[{"embeddable":true,"href":"https:\/\/tradeacademy.center\/es\/wp-json\/wp\/v2\/media\/3677"}],"wp:attachment":[{"href":"https:\/\/tradeacademy.center\/es\/wp-json\/wp\/v2\/media?parent=1685"}],"wp:term":[{"taxonomy":"product_brand","embeddable":true,"href":"https:\/\/tradeacademy.center\/es\/wp-json\/wp\/v2\/product_brand?post=1685"},{"taxonomy":"product_cat","embeddable":true,"href":"https:\/\/tradeacademy.center\/es\/wp-json\/wp\/v2\/product_cat?post=1685"},{"taxonomy":"product_tag","embeddable":true,"href":"https:\/\/tradeacademy.center\/es\/wp-json\/wp\/v2\/product_tag?post=1685"}],"curies":[{"name":"wp","href":"https:\/\/api.w.org\/{rel}","templated":true}]}}