{"id":175,"date":"2021-11-30T23:25:53","date_gmt":"2021-11-30T23:25:53","guid":{"rendered":"https:\/\/tradeacademy.center\/es\/?post_type=product&#038;p=175"},"modified":"2023-03-01T22:17:51","modified_gmt":"2023-03-01T22:17:51","slug":"de-profesion-atleta","status":"publish","type":"product","link":"https:\/\/tradeacademy.center\/es\/producto\/de-profesion-atleta\/","title":{"rendered":"De profesi\u00f3n, Atleta (SPANISH)"},"content":{"rendered":"<p><span style=\"font-weight: 400;\">De profesi\u00f3n, Atleta nos invita a pensar la actividad f\u00edsica desde una perspectiva distinta. La mayor\u00eda de las personas tenemos una relaci\u00f3n demasiado limitada con nuestro cuerpo. Desde Trade Academy nos interesa mantener vivo el entusiasmo y la vitalidad a lo largo de los a\u00f1os, y creemos que la mejor forma de hacerlo es a trav\u00e9s de la pr\u00e1ctica deportiva sostenida en el tiempo. Escrito por Cecilia Urtubey, una atleta de alto rendimiento con muchos a\u00f1os de experiencia, este libro nos invita a entender el ejercicio f\u00edsico como una relaci\u00f3n a largo plazo con nosotros mismos. Se trata de un recorrido integral por las diferentes etapas que componen la vida de un atleta, tanto amateur como de alto rendimiento.<\/span><\/p>\n","protected":false},"excerpt":{"rendered":"<p><span style=\"font-weight: 400;\">De profesi\u00f3n, Atleta nos invita a pensar la actividad f\u00edsica desde una perspectiva distinta. La mayor\u00eda de las personas tenemos una relaci\u00f3n demasiado limitada con nuestro cuerpo. Desde Trade Academy nos interesa mantener vivo el entusiasmo y la vitalidad a lo largo de los a\u00f1os, y creemos que la mejor forma de hacerlo es a trav\u00e9s de la pr\u00e1ctica deportiva sostenida en el tiempo. Escrito por Cecilia Urtubey, una atleta de alto rendimiento con muchos a\u00f1os de experiencia, este libro nos invita a entender el ejercicio f\u00edsico como una relaci\u00f3n a largo plazo con nosotros mismos. Se trata de un recorrido integral por las diferentes etapas que componen la vida de un atleta, tanto amateur como de alto rendimiento.<\/span><\/p>\n","protected":false},"featured_media":1168,"template":"","meta":{"inline_featured_image":false},"product_brand":[],"product_cat":[19],"product_tag":[41,42,43],"class_list":{"0":"post-175","1":"product","2":"type-product","3":"status-publish","4":"has-post-thumbnail","6":"product_cat-books","7":"product_tag-atleta","8":"product_tag-entrenamiento","9":"product_tag-longevidad","11":"first","12":"instock","13":"sale","14":"downloadable","15":"shipping-taxable","16":"purchasable","17":"product-type-simple"},"_links":{"self":[{"href":"https:\/\/tradeacademy.center\/es\/wp-json\/wp\/v2\/product\/175","targetHints":{"allow":["GET"]}}],"collection":[{"href":"https:\/\/tradeacademy.center\/es\/wp-json\/wp\/v2\/product"}],"about":[{"href":"https:\/\/tradeacademy.center\/es\/wp-json\/wp\/v2\/types\/product"}],"wp:featuredmedia":[{"embeddable":true,"href":"https:\/\/tradeacademy.center\/es\/wp-json\/wp\/v2\/media\/1168"}],"wp:attachment":[{"href":"https:\/\/tradeacademy.center\/es\/wp-json\/wp\/v2\/media?parent=175"}],"wp:term":[{"taxonomy":"product_brand","embeddable":true,"href":"https:\/\/tradeacademy.center\/es\/wp-json\/wp\/v2\/product_brand?post=175"},{"taxonomy":"product_cat","embeddable":true,"href":"https:\/\/tradeacademy.center\/es\/wp-json\/wp\/v2\/product_cat?post=175"},{"taxonomy":"product_tag","embeddable":true,"href":"https:\/\/tradeacademy.center\/es\/wp-json\/wp\/v2\/product_tag?post=175"}],"curies":[{"name":"wp","href":"https:\/\/api.w.org\/{rel}","templated":true}]}}