{"id":2007,"date":"2023-01-19T19:16:09","date_gmt":"2023-01-19T19:16:09","guid":{"rendered":"https:\/\/tradeacademy.center\/es\/?post_type=product&#038;p=2007"},"modified":"2023-03-01T21:12:50","modified_gmt":"2023-03-01T21:12:50","slug":"de-profesion-hostess-espanol","status":"publish","type":"product","link":"https:\/\/tradeacademy.center\/es\/producto\/de-profesion-hostess-espanol\/","title":{"rendered":"De Profesi\u00f3n, Hostess (Espa\u00f1ol)"},"content":{"rendered":"<p><span style=\"font-weight: 400;\">El rol de hostess posee un gran potencial comercial y de gesti\u00f3n que suele ser poco aprovechado. La persona a cargo de la recepci\u00f3n de un establecimiento gastron\u00f3mico no solo deber\u00eda ser una gran anfitriona, que se interesa y responsabiliza por el bienestar de sus clientes, sino tambi\u00e9n una buena comunicadora y vendedora de la experiencia en su totalidad. En este libro abordamos la profesi\u00f3n desde una perspectiva amplia, que incluye tanto los aspectos t\u00e9cnicos como el componente humano detr\u00e1s de este trabajo vers\u00e1til, universal y de alto impacto en la experiencia de los clientes y la rentabilidad del local.\u00a0<\/span><\/p>\n","protected":false},"excerpt":{"rendered":"<p><span style=\"font-weight: 400;\">El rol de hostess posee un gran potencial comercial y de gesti\u00f3n que suele ser poco aprovechado. La persona a cargo de la recepci\u00f3n de un establecimiento gastron\u00f3mico no solo deber\u00eda ser una gran anfitriona, que se interesa y responsabiliza por el bienestar de sus clientes, sino tambi\u00e9n una buena comunicadora y vendedora de la experiencia en su totalidad. En este libro abordamos la profesi\u00f3n desde una perspectiva amplia, que incluye tanto los aspectos t\u00e9cnicos como el componente humano detr\u00e1s de este trabajo vers\u00e1til, universal y de alto impacto en la experiencia de los clientes y la rentabilidad del local.\u00a0<\/span><\/p>\n","protected":false},"featured_media":1825,"template":"","meta":{"inline_featured_image":false},"product_brand":[],"product_cat":[19],"product_tag":[],"class_list":{"0":"post-2007","1":"product","2":"type-product","3":"status-publish","4":"has-post-thumbnail","6":"product_cat-books","8":"first","9":"onbackorder","10":"shipping-taxable","11":"purchasable","12":"product-type-simple"},"_links":{"self":[{"href":"https:\/\/tradeacademy.center\/es\/wp-json\/wp\/v2\/product\/2007","targetHints":{"allow":["GET"]}}],"collection":[{"href":"https:\/\/tradeacademy.center\/es\/wp-json\/wp\/v2\/product"}],"about":[{"href":"https:\/\/tradeacademy.center\/es\/wp-json\/wp\/v2\/types\/product"}],"wp:featuredmedia":[{"embeddable":true,"href":"https:\/\/tradeacademy.center\/es\/wp-json\/wp\/v2\/media\/1825"}],"wp:attachment":[{"href":"https:\/\/tradeacademy.center\/es\/wp-json\/wp\/v2\/media?parent=2007"}],"wp:term":[{"taxonomy":"product_brand","embeddable":true,"href":"https:\/\/tradeacademy.center\/es\/wp-json\/wp\/v2\/product_brand?post=2007"},{"taxonomy":"product_cat","embeddable":true,"href":"https:\/\/tradeacademy.center\/es\/wp-json\/wp\/v2\/product_cat?post=2007"},{"taxonomy":"product_tag","embeddable":true,"href":"https:\/\/tradeacademy.center\/es\/wp-json\/wp\/v2\/product_tag?post=2007"}],"curies":[{"name":"wp","href":"https:\/\/api.w.org\/{rel}","templated":true}]}}