{"id":2011,"date":"2023-01-19T19:46:32","date_gmt":"2023-01-19T19:46:32","guid":{"rendered":"https:\/\/tradeacademy.center\/es\/?post_type=product&#038;p=2011"},"modified":"2023-03-01T20:46:31","modified_gmt":"2023-03-01T20:46:31","slug":"de-profesion-bartender-espanol","status":"publish","type":"product","link":"https:\/\/tradeacademy.center\/es\/producto\/de-profesion-bartender-espanol\/","title":{"rendered":"De Profesi\u00f3n, Bartender (Espa\u00f1ol)"},"content":{"rendered":"<p><span style=\"font-weight: 400;\">Para ser un gran bartender no alcanza con saber hacer buenos c\u00f3cteles, tambi\u00e9n hay que saber conectar con las personas que se sientan frente a nosotros en la barra. De profesi\u00f3n Bartender no solo incluye los aspectos t\u00e9cnicos de la profesi\u00f3n (como la preparaci\u00f3n de c\u00f3cteles, la elecci\u00f3n de ingredientes y la selecci\u00f3n de utensilios), sino que tambi\u00e9n indaga en el costado humano del bartender. Aprenderemos a crear relaciones significativas con nuestros clientes y satisfacer sus necesidades de forma personalizada. Descubriremos c\u00f3mo la empat\u00eda y la atenci\u00f3n al cliente son fundamentales para generar una experiencia memorable en el bar y c\u00f3mo las peque\u00f1as cosas, como recordar el nombre de un cliente, pueden hacer una gran diferencia. Tanto para principiantes como para expertos en el campo, este libro nos brinda las herramientas necesarias para convertirnos en bartenders inolvidables.<\/span><\/p>\n","protected":false},"excerpt":{"rendered":"<p><span style=\"font-weight: 400;\">Para ser un gran bartender no alcanza con saber hacer buenos c\u00f3cteles, tambi\u00e9n hay que saber conectar con las personas que se sientan frente a nosotros en la barra. Adem\u00e1s de abordar los aspectos t\u00e9cnicos de la profesi\u00f3n (como la preparaci\u00f3n de c\u00f3cteles, la elecci\u00f3n de ingredientes y la selecci\u00f3n de utensilios), este libro indaga en el costado humano del bartender. Aprenderemos a crear relaciones significativas con nuestros clientes y satisfacer sus necesidades de forma personalizada. Descubriremos c\u00f3mo la empat\u00eda y la atenci\u00f3n al cliente son fundamentales para generar una experiencia memorable en el bar y c\u00f3mo las peque\u00f1as cosas, como recordar el nombre de un cliente, pueden hacer una gran diferencia. Tanto para principiantes como para expertos en el campo, este libro nos brinda las herramientas necesarias para convertirnos en bartenders inolvidables.<\/span><\/p>\n","protected":false},"featured_media":1835,"template":"","meta":{"inline_featured_image":false},"product_brand":[],"product_cat":[19],"product_tag":[],"class_list":{"0":"post-2011","1":"product","2":"type-product","3":"status-publish","4":"has-post-thumbnail","6":"product_cat-books","8":"first","9":"onbackorder","10":"shipping-taxable","11":"purchasable","12":"product-type-simple"},"_links":{"self":[{"href":"https:\/\/tradeacademy.center\/es\/wp-json\/wp\/v2\/product\/2011","targetHints":{"allow":["GET"]}}],"collection":[{"href":"https:\/\/tradeacademy.center\/es\/wp-json\/wp\/v2\/product"}],"about":[{"href":"https:\/\/tradeacademy.center\/es\/wp-json\/wp\/v2\/types\/product"}],"wp:featuredmedia":[{"embeddable":true,"href":"https:\/\/tradeacademy.center\/es\/wp-json\/wp\/v2\/media\/1835"}],"wp:attachment":[{"href":"https:\/\/tradeacademy.center\/es\/wp-json\/wp\/v2\/media?parent=2011"}],"wp:term":[{"taxonomy":"product_brand","embeddable":true,"href":"https:\/\/tradeacademy.center\/es\/wp-json\/wp\/v2\/product_brand?post=2011"},{"taxonomy":"product_cat","embeddable":true,"href":"https:\/\/tradeacademy.center\/es\/wp-json\/wp\/v2\/product_cat?post=2011"},{"taxonomy":"product_tag","embeddable":true,"href":"https:\/\/tradeacademy.center\/es\/wp-json\/wp\/v2\/product_tag?post=2011"}],"curies":[{"name":"wp","href":"https:\/\/api.w.org\/{rel}","templated":true}]}}