{"id":2218,"date":"2023-02-19T22:24:02","date_gmt":"2023-02-19T22:24:02","guid":{"rendered":"https:\/\/tradeacademy.center\/es\/?post_type=product&#038;p=2218"},"modified":"2024-07-08T21:47:22","modified_gmt":"2024-07-08T21:47:22","slug":"programa-administracion-de-entidades-sin-fines-de-lucro-modulo-ii-spanish-copy","status":"publish","type":"product","link":"https:\/\/tradeacademy.center\/es\/producto\/programa-administracion-de-entidades-sin-fines-de-lucro-modulo-ii-spanish-copy\/","title":{"rendered":"Administraci\u00f3n de Entidades sin Fines de Lucro (M\u00f3dulo I)"},"content":{"rendered":"<p>Nuestro Programa de Administraci\u00f3n de Entidades sin Fines de Lucro, en Modalidad ONLINE, detalla desde la introducci\u00f3n a casos de negocio internacionales, todas las etapas propias de la administraci\u00f3n de Entidades Sin Fines de Lucro, y c\u00f3mo se diferencian de las organizaciones empresariales tradicionales.<\/p>\n<p>En el M\u00f3dulo I de la misma se introducen los conceptos b\u00e1sicos de las ONGs, su raz\u00f3n de ser, sus objetivos de largo y mediano plazo, y las particularidades en la registraci\u00f3n y certificaci\u00f3n de las mismas.<\/p>\n","protected":false},"excerpt":{"rendered":"<p>Nuestro\u00a0Programa Administraci\u00f3n de Entidades sin Fines de Lucro, en Modalidad ONLINE, detalla desde la introducci\u00f3n a casos de negocio internacionales, todas las etapas propias de la administraci\u00f3n de Entidades Sin Fines de Lucro, y c\u00f3mo se diferencian de las organizaciones empresariales tradicionales.<\/p>\n<p>En el M\u00f3dulo I de la misma se introducen los conceptos b\u00e1sicos de las ONGs, su raz\u00f3n de ser, sus objetivos de largo y mediano plazo, y las particularidades en la registraci\u00f3n y certificaci\u00f3n de las mismas.<\/p>\n","protected":false},"featured_media":3674,"template":"","meta":{"inline_featured_image":false},"product_brand":[],"product_cat":[21],"product_tag":[],"class_list":{"0":"post-2218","1":"product","2":"type-product","3":"status-publish","4":"has-post-thumbnail","6":"product_cat-executive-education","8":"first","9":"instock","10":"sale","11":"shipping-taxable","12":"purchasable","13":"product-type-simple"},"_links":{"self":[{"href":"https:\/\/tradeacademy.center\/es\/wp-json\/wp\/v2\/product\/2218","targetHints":{"allow":["GET"]}}],"collection":[{"href":"https:\/\/tradeacademy.center\/es\/wp-json\/wp\/v2\/product"}],"about":[{"href":"https:\/\/tradeacademy.center\/es\/wp-json\/wp\/v2\/types\/product"}],"wp:featuredmedia":[{"embeddable":true,"href":"https:\/\/tradeacademy.center\/es\/wp-json\/wp\/v2\/media\/3674"}],"wp:attachment":[{"href":"https:\/\/tradeacademy.center\/es\/wp-json\/wp\/v2\/media?parent=2218"}],"wp:term":[{"taxonomy":"product_brand","embeddable":true,"href":"https:\/\/tradeacademy.center\/es\/wp-json\/wp\/v2\/product_brand?post=2218"},{"taxonomy":"product_cat","embeddable":true,"href":"https:\/\/tradeacademy.center\/es\/wp-json\/wp\/v2\/product_cat?post=2218"},{"taxonomy":"product_tag","embeddable":true,"href":"https:\/\/tradeacademy.center\/es\/wp-json\/wp\/v2\/product_tag?post=2218"}],"curies":[{"name":"wp","href":"https:\/\/api.w.org\/{rel}","templated":true}]}}