{"id":2531,"date":"2023-02-28T22:01:39","date_gmt":"2023-02-28T22:01:39","guid":{"rendered":"https:\/\/tradeacademy.center\/es\/?post_type=product&#038;p=2531"},"modified":"2024-07-08T21:45:08","modified_gmt":"2024-07-08T21:45:08","slug":"programa-estrategias-comerciales-en-contextos-inflacionarios-modulo-iv-spanish","status":"publish","type":"product","link":"https:\/\/tradeacademy.center\/es\/producto\/programa-estrategias-comerciales-en-contextos-inflacionarios-modulo-iv-spanish\/","title":{"rendered":"Administraci\u00f3n de Crisis en Contextos Inflacionarios (M\u00f3dulo I)"},"content":{"rendered":"<p>Nuestro curso de Administraci\u00f3n de Crisis en Contextos Inflacionarios, en Modalidad ONLINE, detalla desde la introducci\u00f3n a casos de negocio internacionales, todas las etapas propias de la administraci\u00f3n en contextos inflacionarios, y c\u00f3mo se diferencian de la realidad administrativa empresarial en etapas de estabilidad monetaria.<\/p>\n<p>En el M\u00f3dulo IV de la misma se introducen casos de negocios espec\u00edficos a esta tem\u00e1tica en profundidad.<\/p>\n","protected":false},"excerpt":{"rendered":"<p>Nuestro\u00a0Programa Estrategias Comerciales en Contextos Inflacionarios, en Modalidad ONLINE, detalla desde la introducci\u00f3n a casos de negocio internacionales, todas las etapas propias de la administraci\u00f3n en contextos inflacionarios, y c\u00f3mo se diferencian de la realidad administrativa empresarial en etapas de estabilidad monetaria.<\/p>\n<p>En el M\u00f3dulo IV de la misma se introducen casos de negocios espec\u00edficos a esta tem\u00e1tica en profundidad<\/p>\n","protected":false},"featured_media":3669,"template":"","meta":{"inline_featured_image":false},"product_brand":[],"product_cat":[21],"product_tag":[],"class_list":{"0":"post-2531","1":"product","2":"type-product","3":"status-publish","4":"has-post-thumbnail","6":"product_cat-executive-education","8":"first","9":"instock","10":"sale","11":"shipping-taxable","12":"purchasable","13":"product-type-simple"},"_links":{"self":[{"href":"https:\/\/tradeacademy.center\/es\/wp-json\/wp\/v2\/product\/2531","targetHints":{"allow":["GET"]}}],"collection":[{"href":"https:\/\/tradeacademy.center\/es\/wp-json\/wp\/v2\/product"}],"about":[{"href":"https:\/\/tradeacademy.center\/es\/wp-json\/wp\/v2\/types\/product"}],"wp:featuredmedia":[{"embeddable":true,"href":"https:\/\/tradeacademy.center\/es\/wp-json\/wp\/v2\/media\/3669"}],"wp:attachment":[{"href":"https:\/\/tradeacademy.center\/es\/wp-json\/wp\/v2\/media?parent=2531"}],"wp:term":[{"taxonomy":"product_brand","embeddable":true,"href":"https:\/\/tradeacademy.center\/es\/wp-json\/wp\/v2\/product_brand?post=2531"},{"taxonomy":"product_cat","embeddable":true,"href":"https:\/\/tradeacademy.center\/es\/wp-json\/wp\/v2\/product_cat?post=2531"},{"taxonomy":"product_tag","embeddable":true,"href":"https:\/\/tradeacademy.center\/es\/wp-json\/wp\/v2\/product_tag?post=2531"}],"curies":[{"name":"wp","href":"https:\/\/api.w.org\/{rel}","templated":true}]}}