{"id":2543,"date":"2023-03-01T18:09:15","date_gmt":"2023-03-01T18:09:15","guid":{"rendered":"https:\/\/tradeacademy.center\/es\/?post_type=product&#038;p=2543"},"modified":"2024-07-08T21:41:48","modified_gmt":"2024-07-08T21:41:48","slug":"finanzas-corporativas-en-contextos-inflacionarios-modulo-iii-spanish","status":"publish","type":"product","link":"https:\/\/tradeacademy.center\/es\/producto\/finanzas-corporativas-en-contextos-inflacionarios-modulo-iii-spanish\/","title":{"rendered":"Finanzas Corporativas en Contextos Inflacionarios (M\u00f3dulo I)"},"content":{"rendered":"<p>Con el Mentorship de un Ejecutivo especialista en entornos inflacionarios (con m\u00e1s de 25 a\u00f1os al frente de diferentes organizaciones multinacionales), veremos todos los pormenores de la planificaci\u00f3n, el reporte y la proyecci\u00f3n de resultados financieros en contextos y escenarios inflacionarios.<\/p>\n","protected":false},"excerpt":{"rendered":"<p>Con el Mentorship de un Ejecutivo especialista en entornos inflacionarios (con m\u00e1s de 25 a\u00f1os al frente de diferentes organizaciones multinacionales), veremos todos los pormenores de la planificaci\u00f3n, el reporte y la proyecci\u00f3n de resultados financieros en contextos y escenarios inflacionarios.<\/p>\n","protected":false},"featured_media":3666,"template":"","meta":{"inline_featured_image":false},"product_brand":[],"product_cat":[21],"product_tag":[],"class_list":{"0":"post-2543","1":"product","2":"type-product","3":"status-publish","4":"has-post-thumbnail","6":"product_cat-executive-education","8":"first","9":"instock","10":"sale","11":"shipping-taxable","12":"purchasable","13":"product-type-simple"},"_links":{"self":[{"href":"https:\/\/tradeacademy.center\/es\/wp-json\/wp\/v2\/product\/2543","targetHints":{"allow":["GET"]}}],"collection":[{"href":"https:\/\/tradeacademy.center\/es\/wp-json\/wp\/v2\/product"}],"about":[{"href":"https:\/\/tradeacademy.center\/es\/wp-json\/wp\/v2\/types\/product"}],"wp:featuredmedia":[{"embeddable":true,"href":"https:\/\/tradeacademy.center\/es\/wp-json\/wp\/v2\/media\/3666"}],"wp:attachment":[{"href":"https:\/\/tradeacademy.center\/es\/wp-json\/wp\/v2\/media?parent=2543"}],"wp:term":[{"taxonomy":"product_brand","embeddable":true,"href":"https:\/\/tradeacademy.center\/es\/wp-json\/wp\/v2\/product_brand?post=2543"},{"taxonomy":"product_cat","embeddable":true,"href":"https:\/\/tradeacademy.center\/es\/wp-json\/wp\/v2\/product_cat?post=2543"},{"taxonomy":"product_tag","embeddable":true,"href":"https:\/\/tradeacademy.center\/es\/wp-json\/wp\/v2\/product_tag?post=2543"}],"curies":[{"name":"wp","href":"https:\/\/api.w.org\/{rel}","templated":true}]}}