{"id":3252,"date":"2023-03-14T22:11:16","date_gmt":"2023-03-14T22:11:16","guid":{"rendered":"https:\/\/tradeacademy.center\/es\/?post_type=product&#038;p=3252"},"modified":"2023-05-30T18:01:57","modified_gmt":"2023-05-30T18:01:57","slug":"e-book-food-services-collection-100-e-books","status":"publish","type":"product","link":"https:\/\/tradeacademy.center\/es\/producto\/e-book-food-services-collection-100-e-books\/","title":{"rendered":"Campa\u00f1a Kickstarter Colecci\u00f3n Food &#038; Services"},"content":{"rendered":"<p>A partir de Junio 2023 estaremos lanzando nuestra campa\u00f1a de Kickstarter para levantar fondos que nos permitan donar libros, libros electr\u00f3nicos y audiolibros de nuestra colecci\u00f3n Food &amp; Services (De Profesi\u00f3n Camarero, De Profesi\u00f3n Hostess y De Profesi\u00f3n Bartender).<\/p>\n<p>Si te interesa contribuir con nuestra campa\u00f1a, puedes donar desde US$10!<\/p>\n","protected":false},"excerpt":{"rendered":"<p>A partir de Junio 2023 estaremos lanzando nuestra campa\u00f1a de Kickstarter para levantar fondos que nos permitan donar libros, libros electr\u00f3nicos y audiolibros de nuestra colecci\u00f3n Food &amp; Services (De Profesi\u00f3n Camarero, De Profesi\u00f3n Hostess y De Profesi\u00f3n Bartender). Si te interesa contribuir con nuestra campa\u00f1a, puedes donar desde US$10!<\/p>\n","protected":false},"featured_media":1949,"template":"","meta":{"inline_featured_image":false},"product_brand":[],"product_cat":[50],"product_tag":[51,52],"class_list":{"0":"post-3252","1":"product","2":"type-product","3":"status-publish","4":"has-post-thumbnail","6":"product_cat-donations","7":"product_tag-donation","8":"product_tag-food-services","10":"first","11":"instock","12":"shipping-taxable","13":"purchasable","14":"product-type-simple"},"_links":{"self":[{"href":"https:\/\/tradeacademy.center\/es\/wp-json\/wp\/v2\/product\/3252","targetHints":{"allow":["GET"]}}],"collection":[{"href":"https:\/\/tradeacademy.center\/es\/wp-json\/wp\/v2\/product"}],"about":[{"href":"https:\/\/tradeacademy.center\/es\/wp-json\/wp\/v2\/types\/product"}],"wp:featuredmedia":[{"embeddable":true,"href":"https:\/\/tradeacademy.center\/es\/wp-json\/wp\/v2\/media\/1949"}],"wp:attachment":[{"href":"https:\/\/tradeacademy.center\/es\/wp-json\/wp\/v2\/media?parent=3252"}],"wp:term":[{"taxonomy":"product_brand","embeddable":true,"href":"https:\/\/tradeacademy.center\/es\/wp-json\/wp\/v2\/product_brand?post=3252"},{"taxonomy":"product_cat","embeddable":true,"href":"https:\/\/tradeacademy.center\/es\/wp-json\/wp\/v2\/product_cat?post=3252"},{"taxonomy":"product_tag","embeddable":true,"href":"https:\/\/tradeacademy.center\/es\/wp-json\/wp\/v2\/product_tag?post=3252"}],"curies":[{"name":"wp","href":"https:\/\/api.w.org\/{rel}","templated":true}]}}