{"id":3266,"date":"2023-03-26T00:24:20","date_gmt":"2023-03-26T00:24:20","guid":{"rendered":"https:\/\/tradeacademy.center\/es\/?post_type=product&#038;p=3266"},"modified":"2024-07-31T16:39:00","modified_gmt":"2024-07-31T16:39:00","slug":"ventas-digitales-modulo-i","status":"publish","type":"product","link":"https:\/\/tradeacademy.center\/es\/producto\/ventas-digitales-modulo-i\/","title":{"rendered":"Programa Ventas Digitales (M\u00f3dulo I)"},"content":{"rendered":"<p>Con el Mentorship de un grupo de Ejecutivos con especial inter\u00e9s en formar a las siguientes generaciones en Ventas Digitales re\u00fane en sus cuatro m\u00f3dulos todos los temas relevantes del innovador ecosistema digital. Desde el armado de un presupuesto de un equipo comercial hasta el impacto de las tecnolog\u00edas en criptograf\u00eda e Inteligencia Digital<\/p>\n","protected":false},"excerpt":{"rendered":"<p>Con el Mentorship de un grupo de Ejecutivos con especial inter\u00e9s en formar a las siguientes generaciones en Ventas Digitales re\u00fane en sus cuatro m\u00f3dulos todos los temas relevantes del innovador ecosistema digital. Desde el armado de un presupuesto de un equipo comercial hasta el impacto de las tecnolog\u00edas en criptograf\u00eda e Inteligencia Digital<\/p>\n","protected":false},"featured_media":3665,"template":"","meta":{"inline_featured_image":false},"product_brand":[],"product_cat":[21],"product_tag":[],"class_list":{"0":"post-3266","1":"product","2":"type-product","3":"status-publish","4":"has-post-thumbnail","6":"product_cat-executive-education","8":"first","9":"instock","10":"sale","11":"shipping-taxable","12":"purchasable","13":"product-type-simple"},"_links":{"self":[{"href":"https:\/\/tradeacademy.center\/es\/wp-json\/wp\/v2\/product\/3266","targetHints":{"allow":["GET"]}}],"collection":[{"href":"https:\/\/tradeacademy.center\/es\/wp-json\/wp\/v2\/product"}],"about":[{"href":"https:\/\/tradeacademy.center\/es\/wp-json\/wp\/v2\/types\/product"}],"wp:featuredmedia":[{"embeddable":true,"href":"https:\/\/tradeacademy.center\/es\/wp-json\/wp\/v2\/media\/3665"}],"wp:attachment":[{"href":"https:\/\/tradeacademy.center\/es\/wp-json\/wp\/v2\/media?parent=3266"}],"wp:term":[{"taxonomy":"product_brand","embeddable":true,"href":"https:\/\/tradeacademy.center\/es\/wp-json\/wp\/v2\/product_brand?post=3266"},{"taxonomy":"product_cat","embeddable":true,"href":"https:\/\/tradeacademy.center\/es\/wp-json\/wp\/v2\/product_cat?post=3266"},{"taxonomy":"product_tag","embeddable":true,"href":"https:\/\/tradeacademy.center\/es\/wp-json\/wp\/v2\/product_tag?post=3266"}],"curies":[{"name":"wp","href":"https:\/\/api.w.org\/{rel}","templated":true}]}}