{"id":3295,"date":"2023-03-26T00:29:18","date_gmt":"2023-03-26T00:29:18","guid":{"rendered":"https:\/\/tradeacademy.center\/es\/?post_type=product&#038;p=3295"},"modified":"2024-07-08T21:40:11","modified_gmt":"2024-07-08T21:40:11","slug":"programa-finanzas-para-jovenes-modulo-ii-spanish","status":"publish","type":"product","link":"https:\/\/tradeacademy.center\/es\/producto\/programa-finanzas-para-jovenes-modulo-ii-spanish\/","title":{"rendered":"Programa de Finanzas para J\u00f3venes (M\u00f3dulo III)"},"content":{"rendered":"<p>Con el Mentorship de un grupo de Ejecutivo con especial inter\u00e9s en formar a las siguientes generaciones en temas financieros, nuestro Programa Finanzas para J\u00f3venes re\u00fane en sus cuatro m\u00f3dulos todos los temas relevantes del mundo financiero, desde el manejo de Presupuestos y Generaci\u00f3n y An\u00e1lisis de Cashflows hasta inversiones burs\u00e1tiles, de Capital Privado (Private Equity y Venture Capital) hasta las tecnolog\u00edas criptogr\u00e1ficas y de A.I.<\/p>\n","protected":false},"excerpt":{"rendered":"<p>Con el Mentorship de un grupo de Ejecutivo con especial inter\u00e9s en formar a las siguientes generaciones en temas financieros, nuestro Programa Finanzas para J\u00f3venes re\u00fane en sus cuatro m\u00f3dulos todos los temas relevantes del mundo financiero, desde el manejo de Presupuestos y Generaci\u00f3n y An\u00e1lisis de Cashflows hasta inversiones burs\u00e1tiles, de Capital Privado (Private Equity y Venture Capital) hasta las tecnolog\u00edas criptogr\u00e1ficas y de A.I.<\/p>\n","protected":false},"featured_media":3664,"template":"","meta":{"inline_featured_image":false},"product_brand":[],"product_cat":[21],"product_tag":[],"class_list":{"0":"post-3295","1":"product","2":"type-product","3":"status-publish","4":"has-post-thumbnail","6":"product_cat-executive-education","8":"first","9":"instock","10":"sale","11":"shipping-taxable","12":"purchasable","13":"product-type-simple"},"_links":{"self":[{"href":"https:\/\/tradeacademy.center\/es\/wp-json\/wp\/v2\/product\/3295","targetHints":{"allow":["GET"]}}],"collection":[{"href":"https:\/\/tradeacademy.center\/es\/wp-json\/wp\/v2\/product"}],"about":[{"href":"https:\/\/tradeacademy.center\/es\/wp-json\/wp\/v2\/types\/product"}],"wp:featuredmedia":[{"embeddable":true,"href":"https:\/\/tradeacademy.center\/es\/wp-json\/wp\/v2\/media\/3664"}],"wp:attachment":[{"href":"https:\/\/tradeacademy.center\/es\/wp-json\/wp\/v2\/media?parent=3295"}],"wp:term":[{"taxonomy":"product_brand","embeddable":true,"href":"https:\/\/tradeacademy.center\/es\/wp-json\/wp\/v2\/product_brand?post=3295"},{"taxonomy":"product_cat","embeddable":true,"href":"https:\/\/tradeacademy.center\/es\/wp-json\/wp\/v2\/product_cat?post=3295"},{"taxonomy":"product_tag","embeddable":true,"href":"https:\/\/tradeacademy.center\/es\/wp-json\/wp\/v2\/product_tag?post=3295"}],"curies":[{"name":"wp","href":"https:\/\/api.w.org\/{rel}","templated":true}]}}