{"id":3582,"date":"2024-06-10T20:37:21","date_gmt":"2024-06-10T20:37:21","guid":{"rendered":"https:\/\/tradeacademy.center\/es\/?post_type=product&#038;p=3582"},"modified":"2024-07-08T21:34:38","modified_gmt":"2024-07-08T21:34:38","slug":"estrategias-financieras-con-etfs-modulo-i-spanish","status":"publish","type":"product","link":"https:\/\/tradeacademy.center\/es\/producto\/estrategias-financieras-con-etfs-modulo-i-spanish\/","title":{"rendered":"Estrategias Financieras con ETFs (M\u00f3dulo I)"},"content":{"rendered":"<p>Con el Mentorship de un Ejecutivo especialista en entornos inflacionarios (con m\u00e1s de 25 a\u00f1os al frente de diferentes organizaciones multinacionales), veremos todos los pormenores de la planificaci\u00f3n de estrategias de hedging v\u00eda el uso estrat\u00e9gico de ETFs.<\/p>\n","protected":false},"excerpt":{"rendered":"<p>Con el Mentorship de un Ejecutivo especialista en entornos inflacionarios (con m\u00e1s de 25 a\u00f1os al frente de diferentes organizaciones multinacionales), veremos todos los pormenores de la planificaci\u00f3n de estrategias de hedging v\u00eda el uso estrat\u00e9gico de ETFs.<\/p>\n","protected":false},"featured_media":3661,"template":"","meta":{"inline_featured_image":false},"product_brand":[],"product_cat":[21],"product_tag":[],"class_list":{"0":"post-3582","1":"product","2":"type-product","3":"status-publish","4":"has-post-thumbnail","6":"product_cat-executive-education","8":"first","9":"instock","10":"sale","11":"shipping-taxable","12":"purchasable","13":"product-type-simple"},"_links":{"self":[{"href":"https:\/\/tradeacademy.center\/es\/wp-json\/wp\/v2\/product\/3582","targetHints":{"allow":["GET"]}}],"collection":[{"href":"https:\/\/tradeacademy.center\/es\/wp-json\/wp\/v2\/product"}],"about":[{"href":"https:\/\/tradeacademy.center\/es\/wp-json\/wp\/v2\/types\/product"}],"wp:featuredmedia":[{"embeddable":true,"href":"https:\/\/tradeacademy.center\/es\/wp-json\/wp\/v2\/media\/3661"}],"wp:attachment":[{"href":"https:\/\/tradeacademy.center\/es\/wp-json\/wp\/v2\/media?parent=3582"}],"wp:term":[{"taxonomy":"product_brand","embeddable":true,"href":"https:\/\/tradeacademy.center\/es\/wp-json\/wp\/v2\/product_brand?post=3582"},{"taxonomy":"product_cat","embeddable":true,"href":"https:\/\/tradeacademy.center\/es\/wp-json\/wp\/v2\/product_cat?post=3582"},{"taxonomy":"product_tag","embeddable":true,"href":"https:\/\/tradeacademy.center\/es\/wp-json\/wp\/v2\/product_tag?post=3582"}],"curies":[{"name":"wp","href":"https:\/\/api.w.org\/{rel}","templated":true}]}}