{"id":419,"date":"2023-07-07T11:34:12","date_gmt":"2023-07-07T14:34:12","guid":{"rendered":"https:\/\/tradeacademy.center\/gastronomia\/?page_id=419"},"modified":"2023-10-04T17:31:41","modified_gmt":"2023-10-04T20:31:41","slug":"quienes-somos","status":"publish","type":"page","link":"https:\/\/tradeacademy.center\/gastronomia\/quienes-somos\/","title":{"rendered":"Quienes somos"},"content":{"rendered":"\t\t<div data-elementor-type=\"wp-post\" data-elementor-id=\"419\" class=\"elementor elementor-419\" data-elementor-post-type=\"page\">\n\t\t\t\t\t\t<section data-particle_enable=\"false\" data-particle-mobile-disabled=\"false\" class=\"elementor-section elementor-top-section elementor-element elementor-element-8b3f8f6 elementor-section-boxed elementor-section-height-default elementor-section-height-default\" data-id=\"8b3f8f6\" data-element_type=\"section\" data-settings=\"{&quot;background_background&quot;:&quot;classic&quot;,&quot;background_motion_fx_motion_fx_scrolling&quot;:&quot;yes&quot;,&quot;background_motion_fx_devices&quot;:[&quot;desktop&quot;,&quot;tablet&quot;,&quot;mobile&quot;]}\">\n\t\t\t\t\t\t\t<div class=\"elementor-background-overlay\"><\/div>\n\t\t\t\t\t\t\t<div class=\"elementor-container elementor-column-gap-default\">\n\t\t\t\t\t<div class=\"elementor-column elementor-col-100 elementor-top-column elementor-element elementor-element-7a896b9\" data-id=\"7a896b9\" data-element_type=\"column\">\n\t\t\t<div class=\"elementor-widget-wrap elementor-element-populated\">\n\t\t\t\t\t\t<div class=\"elementor-element elementor-element-116b04d elementor--h-position-left elementor--v-position-bottom elementor-arrows-position-inside elementor-pagination-position-inside elementor-widget elementor-widget-slides\" data-id=\"116b04d\" data-element_type=\"widget\" data-settings=\"{&quot;autoplay_speed&quot;:2000,&quot;transition_speed&quot;:1500,&quot;navigation&quot;:&quot;both&quot;,&quot;autoplay&quot;:&quot;yes&quot;,&quot;pause_on_hover&quot;:&quot;yes&quot;,&quot;pause_on_interaction&quot;:&quot;yes&quot;,&quot;infinite&quot;:&quot;yes&quot;,&quot;transition&quot;:&quot;slide&quot;}\" data-widget_type=\"slides.default\">\n\t\t\t\t<div class=\"elementor-widget-container\">\n\t\t\t\t\t<div class=\"elementor-swiper\">\n\t\t\t<div class=\"elementor-slides-wrapper elementor-main-swiper swiper\" dir=\"ltr\" data-animation=\"fadeInUp\">\n\t\t\t\t<div class=\"swiper-wrapper elementor-slides\">\n\t\t\t\t\t\t\t\t\t\t<div class=\"elementor-repeater-item-15e1293 swiper-slide\"><div class=\"swiper-slide-bg\" role=\"img\"><\/div><div class=\"elementor-background-overlay\"><\/div><div class=\"swiper-slide-inner\" ><div class=\"swiper-slide-contents\"><div class=\"elementor-slide-heading\">Qui\u00e9nes somos<\/div><div class=\"elementor-slide-description\">Un grupo de apasionados profesionales del sector que aman su profesi\u00f3n y quieren compartir su conocimiento y experiencias<\/div><\/div><\/div><\/div><div class=\"elementor-repeater-item-2dc8343 swiper-slide\"><div class=\"swiper-slide-bg\" role=\"img\"><\/div><div class=\"elementor-background-overlay\"><\/div><div class=\"swiper-slide-inner\" ><div class=\"swiper-slide-contents\"><div class=\"elementor-slide-heading\">Qui\u00e9nes somos<\/div><div class=\"elementor-slide-description\">Un grupo de apasionados profesionales del sector que aman su profesi\u00f3n y quieren compartir su conocimiento y experiencias<\/div><\/div><\/div><\/div><div class=\"elementor-repeater-item-89a6f82 swiper-slide\"><div class=\"swiper-slide-bg\" role=\"img\"><\/div><div class=\"elementor-background-overlay\"><\/div><div class=\"swiper-slide-inner\" ><div class=\"swiper-slide-contents\"><div class=\"elementor-slide-heading\">Qui\u00e9nes somos<\/div><div class=\"elementor-slide-description\">Un grupo de apasionados profesionales del sector que aman su profesi\u00f3n y quieren compartir su conocimiento y experiencias<\/div><\/div><\/div><\/div>\t\t\t\t<\/div>\n\t\t\t\t\t\t\t\t\t\t\t\t\t\t\t<div class=\"swiper-pagination\"><\/div>\n\t\t\t\t\t\t\t\t\t\t\t\t\t\t\t\t<div class=\"elementor-swiper-button elementor-swiper-button-prev\" role=\"button\" tabindex=\"0\">\n\t\t\t\t\t\t\t<i aria-hidden=\"true\" class=\"eicon-chevron-left\"><\/i>\t\t\t\t\t\t\t<span class=\"elementor-screen-only\">Previous slide<\/span>\n\t\t\t\t\t\t<\/div>\n\t\t\t\t\t\t<div class=\"elementor-swiper-button elementor-swiper-button-next\" role=\"button\" tabindex=\"0\">\n\t\t\t\t\t\t\t<i aria-hidden=\"true\" class=\"eicon-chevron-right\"><\/i>\t\t\t\t\t\t\t<span class=\"elementor-screen-only\">Next slide<\/span>\n\t\t\t\t\t\t<\/div>\n\t\t\t\t\t\t\t\t\t\t\t\t<\/div>\n\t\t<\/div>\n\t\t\t\t<\/div>\n\t\t\t\t<\/div>\n\t\t\t\t\t<\/div>\n\t\t<\/div>\n\t\t\t\t\t<\/div>\n\t\t<\/section>\n\t\t\t\t<section data-particle_enable=\"false\" data-particle-mobile-disabled=\"false\" class=\"elementor-section elementor-top-section elementor-element elementor-element-8d9c6dc elementor-section-boxed elementor-section-height-default elementor-section-height-default\" data-id=\"8d9c6dc\" data-element_type=\"section\">\n\t\t\t\t\t\t<div class=\"elementor-container elementor-column-gap-default\">\n\t\t\t\t\t<div class=\"elementor-column elementor-col-50 elementor-top-column elementor-element elementor-element-b037014\" data-id=\"b037014\" data-element_type=\"column\">\n\t\t\t<div class=\"elementor-widget-wrap elementor-element-populated\">\n\t\t\t\t\t\t<div class=\"elementor-element elementor-element-c5a8174 elementor-widget elementor-widget-text-editor\" data-id=\"c5a8174\" data-element_type=\"widget\" data-widget_type=\"text-editor.default\">\n\t\t\t\t<div class=\"elementor-widget-container\">\n\t\t\t\t\t\t\t<p><b style=\"font-style: inherit; color: var( --e-global-color-text ); font-family: var( --e-global-typography-19e7516-font-family ), Sans-serif; letter-spacing: var( --e-global-typography-19e7516-letter-spacing ); word-spacing: var( --e-global-typography-19e7516-word-spacing );\">Bienvenidos a Trade Academy Food &amp; Services<\/b><\/p>\t\t\t\t\t\t<\/div>\n\t\t\t\t<\/div>\n\t\t\t\t<div class=\"elementor-element elementor-element-2fa8534 elementor-widget-divider--view-line elementor-widget elementor-widget-divider\" data-id=\"2fa8534\" data-element_type=\"widget\" data-widget_type=\"divider.default\">\n\t\t\t\t<div class=\"elementor-widget-container\">\n\t\t\t\t\t<div class=\"elementor-divider\">\n\t\t\t<span class=\"elementor-divider-separator\">\n\t\t\t\t\t\t<\/span>\n\t\t<\/div>\n\t\t\t\t<\/div>\n\t\t\t\t<\/div>\n\t\t\t\t\t<\/div>\n\t\t<\/div>\n\t\t\t\t<div class=\"elementor-column elementor-col-50 elementor-top-column elementor-element elementor-element-5e7f9ce\" data-id=\"5e7f9ce\" data-element_type=\"column\">\n\t\t\t<div class=\"elementor-widget-wrap elementor-element-populated\">\n\t\t\t\t\t\t<div class=\"elementor-element elementor-element-3124eb2 elementor-widget elementor-widget-text-editor\" data-id=\"3124eb2\" data-element_type=\"widget\" data-widget_type=\"text-editor.default\">\n\t\t\t\t<div class=\"elementor-widget-container\">\n\t\t\t\t\t\t\t<p><b style=\"font-style: inherit; color: var( --e-global-color-text ); font-family: var( --e-global-typography-9579c45-font-family ), Sans-serif; letter-spacing: var( --e-global-typography-9579c45-letter-spacing ); word-spacing: var( --e-global-typography-9579c45-word-spacing );\">En TRADE ACADEMY creemos que la gastronom\u00eda va m\u00e1s all\u00e1 de los platos que prepara un chef. Esos platos merecen ser acompa\u00f1ados de un buen servicio, de un buen trago, de una buena recepci\u00f3n y de un buen ambiente.&nbsp;<\/b><\/p>\n<p>Lamentablemente, hasta el d\u00eda de hoy, las capacitaciones de calidad se quedan en la cocina y el personal de sal\u00f3n no recibe una formaci\u00f3n adecuada a la importancia de su funci\u00f3n.<\/p>\n<p><b>Nuestra misi\u00f3n es formar personal de servicio capaz de ejercer&nbsp;<span style=\"color: var( --e-global-color-text ); font-family: var( --e-global-typography-9579c45-font-family ), Sans-serif; font-size: var( --e-global-typography-9579c45-font-size ); letter-spacing: var( --e-global-typography-9579c45-letter-spacing ); word-spacing: var( --e-global-typography-9579c45-word-spacing ); background-color: var(--ast-global-color-5);\">su trabajo&nbsp;<\/span><span style=\"font-style: inherit; color: var( --e-global-color-text ); font-family: var( --e-global-typography-9579c45-font-family ), Sans-serif; letter-spacing: var( --e-global-typography-9579c45-letter-spacing ); word-spacing: var( --e-global-typography-9579c45-word-spacing ); background-color: var(--ast-global-color-5);\">de forma profesional &nbsp;y darle al sector el valor que realmente merece.<\/span><\/b><\/p>\n<p><span style=\"color: var( --e-global-color-text ); font-family: var( --e-global-typography-9579c45-font-family ), Sans-serif; font-size: var( --e-global-typography-9579c45-font-size ); letter-spacing: var( --e-global-typography-9579c45-letter-spacing ); word-spacing: var( --e-global-typography-9579c45-word-spacing ); background-color: var(--ast-global-color-5);\">Creemos que el lado humano debe reinar en el mundo de la gastronom\u00eda, por lo que creamos una plataforma para una capacitaci\u00f3n integral que aborde con seriedad la necesidad de ense\u00f1anza del sector desde lo t\u00e9cnico, lo humano y lo comercial.&nbsp;<\/span><\/p>\n<p>Nuestras capacitaciones se destacan por su visi\u00f3n comercial ya que consideramos a todos los trabajadores de la gastronom\u00eda como potenciales vendedores y queremos brindarles las herramientas para desarrollar estas habilidades tan necesarias en su d\u00eda a d\u00eda.<\/p>\n<p>Todos nuestros cursos fueron creados de primera mano por personas \u00edntimamente ligadas a la gastronom\u00eda para &nbsp;ense\u00f1ar no solo el c\u00f3mo se hacen las tareas sino tambi\u00e9n c\u00f3mo se viven estas profesiones.&nbsp;<\/p>\n<p><b>Buscamos formar profesionales altamente competentes, con autonom\u00eda y gran capacidad comercial y adem\u00e1s de con marcada vocaci\u00f3n de servicio, entrega y dedicaci\u00f3n.<\/b><\/p>\t\t\t\t\t\t<\/div>\n\t\t\t\t<\/div>\n\t\t\t\t\t<\/div>\n\t\t<\/div>\n\t\t\t\t\t<\/div>\n\t\t<\/section>\n\t\t\t\t<section data-particle_enable=\"false\" data-particle-mobile-disabled=\"false\" class=\"elementor-section elementor-top-section elementor-element elementor-element-748c489 elementor-section-boxed elementor-section-height-default elementor-section-height-default\" data-id=\"748c489\" data-element_type=\"section\">\n\t\t\t\t\t\t<div class=\"elementor-container elementor-column-gap-default\">\n\t\t\t\t\t<div class=\"elementor-column elementor-col-100 elementor-top-column elementor-element elementor-element-0b099be\" data-id=\"0b099be\" data-element_type=\"column\">\n\t\t\t<div class=\"elementor-widget-wrap\">\n\t\t\t\t\t\t\t<\/div>\n\t\t<\/div>\n\t\t\t\t\t<\/div>\n\t\t<\/section>\n\t\t\t\t<\/div>\n\t\t","protected":false},"excerpt":{"rendered":"<p>Qui\u00e9nes somosUn grupo de apasionados profesionales del sector que aman su profesi\u00f3n y quieren compartir su conocimiento y experienciasQui\u00e9nes somosUn grupo de apasionados profesionales del sector que aman su profesi\u00f3n y quieren compartir su conocimiento y experienciasQui\u00e9nes somosUn grupo de apasionados profesionales del sector que aman su profesi\u00f3n y quieren compartir su conocimiento y experiencias [&hellip;]<\/p>\n","protected":false},"author":4,"featured_media":0,"parent":0,"menu_order":0,"comment_status":"closed","ping_status":"closed","template":"","meta":{"inline_featured_image":false,"site-sidebar-layout":"no-sidebar","site-content-layout":"page-builder","ast-site-content-layout":"default","site-content-style":"default","site-sidebar-style":"default","ast-global-header-display":"","ast-banner-title-visibility":"","ast-main-header-display":"","ast-hfb-above-header-display":"","ast-hfb-below-header-display":"","ast-hfb-mobile-header-display":"","site-post-title":"disabled","ast-breadcrumbs-content":"","ast-featured-img":"disabled","footer-sml-layout":"","ast-disable-related-posts":"","theme-transparent-header-meta":"","adv-header-id-meta":"","stick-header-meta":"","header-above-stick-meta":"","header-main-stick-meta":"","header-below-stick-meta":"","astra-migrate-meta-layouts":"default","ast-page-background-enabled":"default","ast-page-background-meta":{"desktop":{"background-color":"var(--ast-global-color-4)","background-image":"","background-repeat":"repeat","background-position":"center center","background-size":"auto","background-attachment":"scroll","background-type":"","background-media":"","overlay-type":"","overlay-color":"","overlay-opacity":"","overlay-gradient":""},"tablet":{"background-color":"","background-image":"","background-repeat":"repeat","background-position":"center center","background-size":"auto","background-attachment":"scroll","background-type":"","background-media":"","overlay-type":"","overlay-color":"","overlay-opacity":"","overlay-gradient":""},"mobile":{"background-color":"","background-image":"","background-repeat":"repeat","background-position":"center center","background-size":"auto","background-attachment":"scroll","background-type":"","background-media":"","overlay-type":"","overlay-color":"","overlay-opacity":"","overlay-gradient":""}},"ast-content-background-meta":{"desktop":{"background-color":"var(--ast-global-color-5)","background-image":"","background-repeat":"repeat","background-position":"center center","background-size":"auto","background-attachment":"scroll","background-type":"","background-media":"","overlay-type":"","overlay-color":"","overlay-opacity":"","overlay-gradient":""},"tablet":{"background-color":"var(--ast-global-color-5)","background-image":"","background-repeat":"repeat","background-position":"center center","background-size":"auto","background-attachment":"scroll","background-type":"","background-media":"","overlay-type":"","overlay-color":"","overlay-opacity":"","overlay-gradient":""},"mobile":{"background-color":"var(--ast-global-color-5)","background-image":"","background-repeat":"repeat","background-position":"center center","background-size":"auto","background-attachment":"scroll","background-type":"","background-media":"","overlay-type":"","overlay-color":"","overlay-opacity":"","overlay-gradient":""}},"footnotes":""},"class_list":["post-419","page","type-page","status-publish","hentry"],"jetpack_sharing_enabled":true,"_links":{"self":[{"href":"https:\/\/tradeacademy.center\/gastronomia\/wp-json\/wp\/v2\/pages\/419","targetHints":{"allow":["GET"]}}],"collection":[{"href":"https:\/\/tradeacademy.center\/gastronomia\/wp-json\/wp\/v2\/pages"}],"about":[{"href":"https:\/\/tradeacademy.center\/gastronomia\/wp-json\/wp\/v2\/types\/page"}],"author":[{"embeddable":true,"href":"https:\/\/tradeacademy.center\/gastronomia\/wp-json\/wp\/v2\/users\/4"}],"replies":[{"embeddable":true,"href":"https:\/\/tradeacademy.center\/gastronomia\/wp-json\/wp\/v2\/comments?post=419"}],"version-history":[{"count":32,"href":"https:\/\/tradeacademy.center\/gastronomia\/wp-json\/wp\/v2\/pages\/419\/revisions"}],"predecessor-version":[{"id":4658,"href":"https:\/\/tradeacademy.center\/gastronomia\/wp-json\/wp\/v2\/pages\/419\/revisions\/4658"}],"wp:attachment":[{"href":"https:\/\/tradeacademy.center\/gastronomia\/wp-json\/wp\/v2\/media?parent=419"}],"curies":[{"name":"wp","href":"https:\/\/api.w.org\/{rel}","templated":true}]}}