{"id":185,"date":"2023-07-04T16:20:49","date_gmt":"2023-07-04T19:20:49","guid":{"rendered":"https:\/\/tradeacademy.center\/ventas-marketing\/?page_id=185"},"modified":"2024-07-15T17:59:33","modified_gmt":"2024-07-15T20:59:33","slug":"cursos","status":"publish","type":"page","link":"https:\/\/tradeacademy.center\/ventas-marketing\/cursos\/","title":{"rendered":"Cursos"},"content":{"rendered":"<style>\/*! elementor-pro - v3.14.0 - 26-06-2023 *\/\n.elementor-slides .swiper-slide-bg{background-size:cover;background-position:50%;background-repeat:no-repeat;min-width:100%;min-height:100%}.elementor-slides .swiper-slide-inner{background-repeat:no-repeat;background-position:50%;position:absolute;top:0;left:0;bottom:0;right:0;padding:50px;margin:auto}.elementor-slides .swiper-slide-inner,.elementor-slides .swiper-slide-inner:hover{color:#fff;display:flex}.elementor-slides .swiper-slide-inner .elementor-background-overlay{position:absolute;z-index:0;top:0;bottom:0;left:0;right:0}.elementor-slides .swiper-slide-inner .elementor-slide-content{position:relative;z-index:1;width:100%}.elementor-slides .swiper-slide-inner .elementor-slide-heading{font-size:35px;font-weight:700;line-height:1}.elementor-slides .swiper-slide-inner .elementor-slide-description{font-size:17px;line-height:1.4}.elementor-slides .swiper-slide-inner .elementor-slide-description:not(:last-child),.elementor-slides .swiper-slide-inner .elementor-slide-heading:not(:last-child){margin-bottom:30px}.elementor-slides .swiper-slide-inner .elementor-slide-button{border:2px solid #fff;color:#fff;background:transparent;display:inline-block}.elementor-slides .swiper-slide-inner .elementor-slide-button,.elementor-slides .swiper-slide-inner .elementor-slide-button:hover{background:transparent;color:inherit;text-decoration:none}.elementor--v-position-top .swiper-slide-inner{align-items:flex-start}.elementor--v-position-bottom .swiper-slide-inner{align-items:flex-end}.elementor--v-position-middle .swiper-slide-inner{align-items:center}.elementor--h-position-left .swiper-slide-inner{justify-content:flex-start}.elementor--h-position-right .swiper-slide-inner{justify-content:flex-end}.elementor--h-position-center .swiper-slide-inner{justify-content:center}body.rtl .elementor-widget-slides .elementor-swiper-button-next{left:10px;right:auto}body.rtl .elementor-widget-slides .elementor-swiper-button-prev{right:10px;left:auto}.elementor-slides-wrapper div:not(.swiper-slide)>.swiper-slide-inner{display:none}@media (max-width:767px){.elementor-slides .swiper-slide-inner{padding:30px}.elementor-slides .swiper-slide-inner .elementor-slide-heading{font-size:23px;line-height:1;margin-bottom:15px}.elementor-slides .swiper-slide-inner .elementor-slide-description{font-size:13px;line-height:1.4;margin-bottom:15px}}<\/style>\n<p>\t\t\t\t\t\t\t\t\t\tVentas MinoristasCursos de Ventas MinoristasHaz clic aqu\u00edVentas InmobiliariasCursos de Ventas Inmobiliarias. Perfeccionamiento de empat\u00eda con clientes, adecuaci\u00f3n de portafolio y cierre de operaci\u00f3n.Haz clic aqu\u00edVentas de LujoCurso de Ventas en Art\u00edculos de Lujo.<br \/>\nClienteling, identificaci\u00f3n de motivaciones de compra, upselling y cross selling. Cliente EmbajadorHaz clic aqu\u00ed<br \/>\n\t\t\t\t\t\t\t\t\t\t\t\t\t\tPrevious slide<br \/>\n\t\t\t\t\t\t\t\t\t\t\t\t\t\tNext slide<br \/>\n\t\t\tNo Courses Found!<br \/>\n                Completado<br \/>\n<!--        -->        <a href=\"https:\/\/tradeacademy.center\/ventas-marketing\/courses\/curso-1\/\"><br \/>\n                            <img decoding=\"async\" src=\"https:\/\/tradeacademy.center\/ventas-marketing\/wp-content\/uploads\/2023\/11\/image-7.png\" alt=\"\" \/><br \/>\n                    <\/a><br \/>\n<!--        --><br \/>\n\t            100            <\/p>\n<h4>\n            <a href=\"https:\/\/tradeacademy.center\/ventas-marketing\/courses\/curso-1\/\">VENTAS CORPORATIVAS<\/a><br \/>\n            <\/h4>\n<p>Curso de cursos<\/p>\n<p>\t\t\t\t\t100% Completado<br \/>\n\t\t\t\t\t\t\u00daltima actividad: 06\/07\/2023 1:39 PM<br \/>\n\t\t\t\t <!--\/.ld-progress-stats--><br \/>\n\t\t\t\t <!--\/.ld-progress--><br \/>\n                    <a href=\"https:\/\/tradeacademy.center\/ventas-marketing\/courses\/curso-1\/\"><br \/>\n\t                    Leer m\u00e1s                    <\/a><br \/>\n                Inscripto<br \/>\n<!--        -->        <a href=\"https:\/\/tradeacademy.center\/ventas-marketing\/courses\/curso-2\/\"><br \/>\n                            <img decoding=\"async\" src=\"https:\/\/tradeacademy.center\/ventas-marketing\/wp-content\/uploads\/2023\/07\/descarga.jpeg\" alt=\"\" \/><br \/>\n                    <\/a><br \/>\n<!--        --><br \/>\n\t            250            <\/p>\n<h4>\n            <a href=\"https:\/\/tradeacademy.center\/ventas-marketing\/courses\/curso-2\/\">VENDEDOR DE ART\u00cdCULOS DE LUJO<\/a><br \/>\n            <\/h4>\n<p>\t\t\t\t\t33% Completado<br \/>\n\t\t\t\t\t\t\u00daltima actividad: 10\/07\/2023 6:22 PM<br \/>\n\t\t\t\t <!--\/.ld-progress-stats--><br \/>\n\t\t\t\t <!--\/.ld-progress--><br \/>\n                    <a href=\"https:\/\/tradeacademy.center\/ventas-marketing\/courses\/curso-2\/\"><br \/>\n\t                    Leer m\u00e1s                    <\/a><br \/>\n                Inscripto<br \/>\n<!--        -->        <a href=\"https:\/\/tradeacademy.center\/ventas-marketing\/courses\/vendedor-de-comercio\/\"><br \/>\n                            <img decoding=\"async\" src=\"https:\/\/tradeacademy.center\/ventas-marketing\/wp-content\/uploads\/2023\/11\/image-1.png\" alt=\"\" \/><br \/>\n                    <\/a><br \/>\n<!--        --><br \/>\n\t            100            <\/p>\n<h4>\n            <a href=\"https:\/\/tradeacademy.center\/ventas-marketing\/courses\/vendedor-de-comercio\/\">VENDEDOR DE COMERCIO MINORISTA<\/a><br \/>\n            <\/h4>\n<p>\t\t\t\t\t0% Completado<br \/>\n\t\t\t\t\t\t\u00daltima actividad: 29\/02\/2024 2:10 AM<br \/>\n\t\t\t\t <!--\/.ld-progress-stats--><br \/>\n\t\t\t\t <!--\/.ld-progress--><br \/>\n                    <a href=\"https:\/\/tradeacademy.center\/ventas-marketing\/courses\/vendedor-de-comercio\/\"><br \/>\n\t                    Leer m\u00e1s                    <\/a><br \/>\n                Inscripto<br \/>\n<!--        -->        <a href=\"https:\/\/tradeacademy.center\/ventas-marketing\/courses\/vendedor-de-servicios\/\"><br \/>\n                            <img decoding=\"async\" src=\"https:\/\/tradeacademy.center\/ventas-marketing\/wp-content\/uploads\/2023\/11\/image-2.png\" alt=\"\" \/><br \/>\n                    <\/a><br \/>\n<!--        --><br \/>\n\t            250            <\/p>\n<h4>\n            <a href=\"https:\/\/tradeacademy.center\/ventas-marketing\/courses\/vendedor-de-servicios\/\">VENTA DE SERVICIOS PROFESIONALES<\/a><br \/>\n            <\/h4>\n<p>\t\t\t\t\t0% Completado<br \/>\n\t\t\t\t\t\t0\/1 pasos<br \/>\n\t\t\t\t <!--\/.ld-progress-stats--><br \/>\n\t\t\t\t <!--\/.ld-progress--><br \/>\n                    <a href=\"https:\/\/tradeacademy.center\/ventas-marketing\/courses\/vendedor-de-servicios\/\"><br \/>\n\t                    Leer m\u00e1s                    <\/a><br \/>\n                Inscripto<br \/>\n<!--        -->        <a href=\"https:\/\/tradeacademy.center\/ventas-marketing\/courses\/ventas-de-inmuebles\/\"><br \/>\n                            <img decoding=\"async\" src=\"https:\/\/tradeacademy.center\/ventas-marketing\/wp-content\/uploads\/2023\/11\/image-3.png\" alt=\"\" \/><br \/>\n                    <\/a><br \/>\n<!--        --><br \/>\n\t            200            <\/p>\n<h4>\n            <a href=\"https:\/\/tradeacademy.center\/ventas-marketing\/courses\/ventas-de-inmuebles\/\">VENTA DE INMUEBLES<\/a><br \/>\n            <\/h4>\n<p>\t\t\t\t\t0% Completado<br \/>\n\t\t\t\t\t\t0\/0 pasos<br \/>\n\t\t\t\t <!--\/.ld-progress-stats--><br \/>\n\t\t\t\t <!--\/.ld-progress--><br \/>\n                    <a href=\"https:\/\/tradeacademy.center\/ventas-marketing\/courses\/ventas-de-inmuebles\/\"><br \/>\n\t                    Leer m\u00e1s                    <\/a><br \/>\n                Inscripto<br \/>\n<!--        -->        <a href=\"https:\/\/tradeacademy.center\/ventas-marketing\/courses\/venta-automotriz\/\"><br \/>\n                            <img decoding=\"async\" src=\"https:\/\/tradeacademy.center\/ventas-marketing\/wp-content\/uploads\/2023\/11\/image-9.png\" alt=\"\" \/><br \/>\n                    <\/a><br \/>\n<!--        --><br \/>\n\t            100            <\/p>\n<h4>\n            <a href=\"https:\/\/tradeacademy.center\/ventas-marketing\/courses\/venta-automotriz\/\">VENTA AUTOMOTRIZ<\/a><br \/>\n            <\/h4>\n<p>\t\t\t\t\t0% Completado<br \/>\n\t\t\t\t\t\t0\/0 pasos<br \/>\n\t\t\t\t <!--\/.ld-progress-stats--><br \/>\n\t\t\t\t <!--\/.ld-progress--><br \/>\n                    <a href=\"https:\/\/tradeacademy.center\/ventas-marketing\/courses\/venta-automotriz\/\"><br \/>\n\t                    Leer m\u00e1s                    <\/a><br \/>\n                Inscripto<br \/>\n<!--        -->        <a href=\"https:\/\/tradeacademy.center\/ventas-marketing\/courses\/venta-telefonica-y-call-center\/\"><br \/>\n                            <img decoding=\"async\" src=\"https:\/\/tradeacademy.center\/ventas-marketing\/wp-content\/uploads\/2023\/11\/image-10.png\" alt=\"\" \/><br \/>\n                    <\/a><br \/>\n<!--        --><br \/>\n\t            40            <\/p>\n<h4>\n            <a href=\"https:\/\/tradeacademy.center\/ventas-marketing\/courses\/venta-telefonica-y-call-center\/\">VENTA TELEF\u00d3NICA Y CALL CENTER<\/a><br \/>\n            <\/h4>\n<p>\t\t\t\t\t0% Completado<br \/>\n\t\t\t\t\t\t0\/0 pasos<br \/>\n\t\t\t\t <!--\/.ld-progress-stats--><br \/>\n\t\t\t\t <!--\/.ld-progress--><br \/>\n                    <a href=\"https:\/\/tradeacademy.center\/ventas-marketing\/courses\/venta-telefonica-y-call-center\/\"><br \/>\n\t                    Leer m\u00e1s                    <\/a><br \/>\n                Inscripto<br \/>\n<!--        -->        <a href=\"https:\/\/tradeacademy.center\/ventas-marketing\/courses\/venta-puerta-a-puerta\/\"><br \/>\n                            <img decoding=\"async\" src=\"https:\/\/tradeacademy.center\/ventas-marketing\/wp-content\/uploads\/2023\/11\/image-12.png\" alt=\"\" \/><br \/>\n                    <\/a><br \/>\n<!--        --><br \/>\n\t            25            <\/p>\n<h4>\n            <a href=\"https:\/\/tradeacademy.center\/ventas-marketing\/courses\/venta-puerta-a-puerta\/\">VENTA PUERTA A PUERTA<\/a><br \/>\n            <\/h4>\n<p>\t\t\t\t\t0% Completado<br \/>\n\t\t\t\t\t\t0\/0 pasos<br \/>\n\t\t\t\t <!--\/.ld-progress-stats--><br \/>\n\t\t\t\t <!--\/.ld-progress--><br \/>\n                    <a href=\"https:\/\/tradeacademy.center\/ventas-marketing\/courses\/venta-puerta-a-puerta\/\"><br \/>\n\t                    Leer m\u00e1s                    <\/a><br \/>\n                Inscripto<br \/>\n<!--        -->        <a href=\"https:\/\/tradeacademy.center\/ventas-marketing\/courses\/marketing-y-ventas\/\"><br \/>\n                            <img decoding=\"async\" src=\"https:\/\/tradeacademy.center\/ventas-marketing\/wp-content\/uploads\/2023\/11\/image-13.png\" alt=\"\" \/><br \/>\n                    <\/a><br \/>\n<!--        --><br \/>\n\t            230            <\/p>\n<h4>\n            <a href=\"https:\/\/tradeacademy.center\/ventas-marketing\/courses\/marketing-y-ventas\/\">MARKETING Y VENTAS<\/a><br \/>\n            <\/h4>\n<p>\t\t\t\t\t0% Completado<br \/>\n\t\t\t\t\t\t0\/0 pasos<br \/>\n\t\t\t\t <!--\/.ld-progress-stats--><br \/>\n\t\t\t\t <!--\/.ld-progress--><br \/>\n                    <a href=\"https:\/\/tradeacademy.center\/ventas-marketing\/courses\/marketing-y-ventas\/\"><br \/>\n\t                    Leer m\u00e1s                    <\/a><\/p>\n","protected":false},"excerpt":{"rendered":"<p>Ventas MinoristasCursos de Ventas MinoristasHaz clic aqu\u00edVentas InmobiliariasCursos de Ventas Inmobiliarias. Perfeccionamiento de empat\u00eda con clientes, adecuaci\u00f3n de portafolio y cierre de operaci\u00f3n.Haz clic aqu\u00edVentas de LujoCurso de Ventas en Art\u00edculos de Lujo. Clienteling, identificaci\u00f3n de motivaciones de compra, upselling y cross selling. Cliente EmbajadorHaz clic aqu\u00ed Previous slide Next slide No Courses Found! Completado [&hellip;]<\/p>\n","protected":false},"author":2,"featured_media":0,"parent":0,"menu_order":0,"comment_status":"closed","ping_status":"closed","template":"","meta":{"inline_featured_image":false,"site-sidebar-layout":"no-sidebar","site-content-layout":"page-builder","ast-site-content-layout":"default","site-content-style":"default","site-sidebar-style":"default","ast-global-header-display":"","ast-banner-title-visibility":"","ast-main-header-display":"","ast-hfb-above-header-display":"","ast-hfb-below-header-display":"","ast-hfb-mobile-header-display":"","site-post-title":"disabled","ast-breadcrumbs-content":"","ast-featured-img":"disabled","footer-sml-layout":"","ast-disable-related-posts":"","theme-transparent-header-meta":"","adv-header-id-meta":"","stick-header-meta":"","header-above-stick-meta":"","header-main-stick-meta":"","header-below-stick-meta":"","astra-migrate-meta-layouts":"default","ast-page-background-enabled":"default","ast-page-background-meta":{"desktop":{"background-color":"var(--ast-global-color-4)","background-image":"","background-repeat":"repeat","background-position":"center center","background-size":"auto","background-attachment":"scroll","background-type":"","background-media":"","overlay-type":"","overlay-color":"","overlay-opacity":"","overlay-gradient":""},"tablet":{"background-color":"","background-image":"","background-repeat":"repeat","background-position":"center center","background-size":"auto","background-attachment":"scroll","background-type":"","background-media":"","overlay-type":"","overlay-color":"","overlay-opacity":"","overlay-gradient":""},"mobile":{"background-color":"","background-image":"","background-repeat":"repeat","background-position":"center center","background-size":"auto","background-attachment":"scroll","background-type":"","background-media":"","overlay-type":"","overlay-color":"","overlay-opacity":"","overlay-gradient":""}},"ast-content-background-meta":{"desktop":{"background-color":"var(--ast-global-color-5)","background-image":"","background-repeat":"repeat","background-position":"center center","background-size":"auto","background-attachment":"scroll","background-type":"","background-media":"","overlay-type":"","overlay-color":"","overlay-opacity":"","overlay-gradient":""},"tablet":{"background-color":"var(--ast-global-color-5)","background-image":"","background-repeat":"repeat","background-position":"center center","background-size":"auto","background-attachment":"scroll","background-type":"","background-media":"","overlay-type":"","overlay-color":"","overlay-opacity":"","overlay-gradient":""},"mobile":{"background-color":"var(--ast-global-color-5)","background-image":"","background-repeat":"repeat","background-position":"center center","background-size":"auto","background-attachment":"scroll","background-type":"","background-media":"","overlay-type":"","overlay-color":"","overlay-opacity":"","overlay-gradient":""}},"footnotes":""},"class_list":["post-185","page","type-page","status-publish","hentry"],"jetpack_sharing_enabled":true,"_links":{"self":[{"href":"https:\/\/tradeacademy.center\/ventas-marketing\/wp-json\/wp\/v2\/pages\/185","targetHints":{"allow":["GET"]}}],"collection":[{"href":"https:\/\/tradeacademy.center\/ventas-marketing\/wp-json\/wp\/v2\/pages"}],"about":[{"href":"https:\/\/tradeacademy.center\/ventas-marketing\/wp-json\/wp\/v2\/types\/page"}],"author":[{"embeddable":true,"href":"https:\/\/tradeacademy.center\/ventas-marketing\/wp-json\/wp\/v2\/users\/2"}],"replies":[{"embeddable":true,"href":"https:\/\/tradeacademy.center\/ventas-marketing\/wp-json\/wp\/v2\/comments?post=185"}],"version-history":[{"count":70,"href":"https:\/\/tradeacademy.center\/ventas-marketing\/wp-json\/wp\/v2\/pages\/185\/revisions"}],"predecessor-version":[{"id":1163,"href":"https:\/\/tradeacademy.center\/ventas-marketing\/wp-json\/wp\/v2\/pages\/185\/revisions\/1163"}],"wp:attachment":[{"href":"https:\/\/tradeacademy.center\/ventas-marketing\/wp-json\/wp\/v2\/media?parent=185"}],"curies":[{"name":"wp","href":"https:\/\/api.w.org\/{rel}","templated":true}]}}